{"id":836,"date":"2026-02-17T19:54:07","date_gmt":"2026-02-17T19:54:07","guid":{"rendered":"https:\/\/marosifaiskola.hu\/?page_id=836"},"modified":"2026-02-17T20:08:11","modified_gmt":"2026-02-17T20:08:11","slug":"celunk","status":"publish","type":"page","link":"https:\/\/marosifaiskola.hu\/?page_id=836","title":{"rendered":"C\u00e9lunk"},"content":{"rendered":"\n<p>A Marosi Kert elk\u00f6telezett c\u00e9lja \u2013 \u00e9s egyben \u00f6r\u00f6ks\u00e9ge \u2013, hogy tov\u00e1bb vigye Dr. Kov\u00e1ts Zolt\u00e1n t\u00f6bb \u00e9vtizedes vir\u00e1gnemes\u00edt\u0151i munk\u00e1j\u00e1t, \u00e9s tegy\u00fck egy\u00fctt igaz\u00e1n \u00e9l\u0151v\u00e9 azt.<\/p>\n\n\n\n<p>Az elm\u00falt nyarak sz\u00e9ls\u0151s\u00e9ges id\u0151j\u00e1r\u00e1sa, a h\u0151s\u00e9g \u00e9s az asz\u00e1ly ism\u00e9t bebizony\u00edtotta, hogy a magyar fajt\u00e1k orsz\u00e1gszerte kiv\u00e1l\u00f3an meg\u00e1llj\u00e1k a hely\u00fcket \u2013 partnereink visszajelz\u00e9sei ezt meger\u0151s\u00edtik.<\/p>\n\n\n\n<p>Ez\u00e9rt k\u00edn\u00e1latunk \u00f6ssze\u00e1ll\u00edt\u00e1sakor \u00e9s munk\u00e1nk sor\u00e1n arra t\u00f6reksz\u00fcnk, hogy egyny\u00e1ri magfajt\u00e1ink:<\/p>\n\n\n\n<ul class=\"wp-block-list\">\n<li>igazodjanak haz\u00e1nk \u00e9ghajlati saj\u00e1toss\u00e1gaihoz (sz\u00e1razs\u00e1g- \u00e9s h\u0151t\u0171r\u00e9s),<\/li>\n\n\n\n<li>hosszan \u00e9s mutat\u00f3san vir\u00e1gozzanak,<\/li>\n\n\n\n<li>egy\u00f6ntet\u0171ek \u00e9s j\u00f3l bokrosod\u00f3ak legyenek,<\/li>\n\n\n\n<li>fenntart\u00e1suk \u00e9s telep\u00edt\u00e9s\u00fck minden felhaszn\u00e1l\u00f3 sz\u00e1m\u00e1ra gazdas\u00e1gos maradjon.<\/li>\n<\/ul>\n\n\n\n<p>A Marosi Kertn\u00e9l folyamatosan dolgozunk a fajt\u00e1k szelekt\u00e1l\u00e1s\u00e1n \u00e9s egy\u00f6ntet\u0171s\u00edt\u00e9s\u00e9n. Ugyanakkor fontosnak tartjuk hangs\u00falyozni: a legjobb eredm\u00e9nyhez a megfelel\u0151 technol\u00f3gia alkalmaz\u00e1sa elengedhetetlen.<\/p>\n\n\n\n<ul class=\"wp-block-list\">\n<li><strong>A megfelel\u0151 helyre a megfelel\u0151 n\u00f6v\u00e9nyt \u00fcltess\u00fck<\/strong>, figyelembe v\u00e9ve a k\u00f6rnyezeti adotts\u00e1gokat.<\/li>\n\n\n\n<li>Alkalmazzunk <strong>megfelel\u0151 t\u00e1rs\u00edt\u00e1sokat<\/strong>, amelyek n\u00f6velik a vir\u00e1g\u00e1gy\u00e1sok eszt\u00e9tikai \u00e9s \u00f6kol\u00f3giai \u00e9rt\u00e9k\u00e9t.<\/li>\n\n\n\n<li>Az <strong>\u00f6nt\u00f6z\u00e9s optimaliz\u00e1l\u00e1sa<\/strong> ma k\u00fcl\u00f6n\u00f6sen fontos feladat: a v\u00edz egyre nagyobb \u00e9rt\u00e9k, ez\u00e9rt b\u00e1njunk vele felel\u0151sen, \u00e9s \u00f3vjuk megl\u00e9v\u0151 v\u00edzk\u00e9szleteinket.<\/li>\n<\/ul>\n\n\n\n<h3 class=\"wp-block-heading\">\u00c1rlista<\/h3>\n\n\n\n<p>Az \u00e1rlista PDF form\u00e1tumban tartalmazza a Marosi Kert 2025\u20132026-os szezonra vonatkoz\u00f3 <a href=\"https:\/\/marosifaiskola.hu\/?page_id=828\" title=\"Kiskereskedelmi \u00e1rlista\">egyny\u00e1ri vir\u00e1gmag k\u00edn\u00e1lat\u00e1t<\/a>. A felsorolt fajt\u00e1k magyar nemes\u00edt\u00e9s\u0171ek, megb\u00edzhat\u00f3 cs\u00edr\u00e1z\u00f3k\u00e9pess\u00e9ggel \u00e9s egys\u00e9ges fejl\u0151d\u00e9ssel.<\/p>\n\n\n\n<p>A dokumentumban megtal\u00e1lhat\u00f3:<\/p>\n\n\n\n<ul class=\"wp-block-list\">\n<li>a v\u00e1laszthat\u00f3 fajt\u00e1k \u00e9s kiszerel\u00e9sek,<\/li>\n\n\n\n<li>a brutt\u00f3 kiskereskedelmi \u00e1rak,<\/li>\n\n\n\n<li>valamint az \u00e1ltal\u00e1nos rendel\u00e9si, fizet\u00e9si \u00e9s sz\u00e1ll\u00edt\u00e1si felt\u00e9telek.<\/li>\n<\/ul>\n\n\n\n<p>A rendel\u00e9seket e-mailben fogadjuk, a feldolgoz\u00e1st k\u00f6vet\u0151en online sz\u00e1ml\u00e1t k\u00fcld\u00fcnk, a csomagokat a fizet\u00e9s be\u00e9rkez\u00e9se ut\u00e1n post\u00e1zzuk.<\/p>\n\n\n\n<p>Szakmai h\u00e1tt\u00e9r a vet\u0151mag-min\u0151s\u00edt\u00e9sr\u0151l a<br><a href=\"https:\/\/portal.nebih.gov.hu\/vetomag\">https:\/\/portal.nebih.gov.hu\/vetomag<\/a> oldalon \u00e9rhet\u0151 el.<\/p>\n\n\n\n<p><\/p>\n","protected":false},"excerpt":{"rendered":"<p>A Marosi Kert elk\u00f6telezett c\u00e9lja \u2013 \u00e9s egyben \u00f6r\u00f6ks\u00e9ge \u2013, hogy tov\u00e1bb vigye Dr. Kov\u00e1ts Zolt\u00e1n t\u00f6bb \u00e9vtizedes vir\u00e1gnemes\u00edt\u0151i munk\u00e1j\u00e1t, \u00e9s tegy\u00fck egy\u00fctt igaz\u00e1n \u00e9l\u0151v\u00e9 azt. Az elm\u00falt nyarak sz\u00e9ls\u0151s\u00e9ges id\u0151j\u00e1r\u00e1sa, a h\u0151s\u00e9g \u00e9s az asz\u00e1ly ism\u00e9t bebizony\u00edtotta, hogy a &hellip; <a href=\"https:\/\/marosifaiskola.hu\/?page_id=836\">Egy kattint\u00e1s ide a folytat\u00e1shoz&#8230;. <span class=\"meta-nav\">&rarr;<\/span><\/a><\/p>\n","protected":false},"author":2,"featured_media":0,"parent":0,"menu_order":0,"comment_status":"closed","ping_status":"closed","template":"","meta":{"om_disable_all_campaigns":false,"_monsterinsights_skip_tracking":false,"_monsterinsights_sitenote_active":false,"_monsterinsights_sitenote_note":"","_monsterinsights_sitenote_category":0,"footnotes":""},"class_list":["post-836","page","type-page","status-publish","hentry"],"aioseo_notices":[],"_links":{"self":[{"href":"https:\/\/marosifaiskola.hu\/index.php?rest_route=\/wp\/v2\/pages\/836","targetHints":{"allow":["GET"]}}],"collection":[{"href":"https:\/\/marosifaiskola.hu\/index.php?rest_route=\/wp\/v2\/pages"}],"about":[{"href":"https:\/\/marosifaiskola.hu\/index.php?rest_route=\/wp\/v2\/types\/page"}],"author":[{"embeddable":true,"href":"https:\/\/marosifaiskola.hu\/index.php?rest_route=\/wp\/v2\/users\/2"}],"replies":[{"embeddable":true,"href":"https:\/\/marosifaiskola.hu\/index.php?rest_route=%2Fwp%2Fv2%2Fcomments&post=836"}],"version-history":[{"count":3,"href":"https:\/\/marosifaiskola.hu\/index.php?rest_route=\/wp\/v2\/pages\/836\/revisions"}],"predecessor-version":[{"id":841,"href":"https:\/\/marosifaiskola.hu\/index.php?rest_route=\/wp\/v2\/pages\/836\/revisions\/841"}],"wp:attachment":[{"href":"https:\/\/marosifaiskola.hu\/index.php?rest_route=%2Fwp%2Fv2%2Fmedia&parent=836"}],"curies":[{"name":"wp","href":"https:\/\/api.w.org\/{rel}","templated":true}]}}