{"id":828,"date":"2026-02-17T19:35:00","date_gmt":"2026-02-17T19:35:00","guid":{"rendered":"https:\/\/marosifaiskola.hu\/?page_id=828"},"modified":"2026-02-23T16:23:40","modified_gmt":"2026-02-23T16:23:40","slug":"kiskereskedelmi-arlista","status":"publish","type":"page","link":"https:\/\/marosifaiskola.hu\/?page_id=828","title":{"rendered":"Kiskereskedelmi \u00e1rlista"},"content":{"rendered":"\n<div class=\"wp-block-media-text is-stacked-on-mobile\"><figure class=\"wp-block-media-text__media\"><img loading=\"lazy\" decoding=\"async\" width=\"1024\" height=\"683\" src=\"https:\/\/marosifaiskola.hu\/wp-content\/uploads\/2026\/02\/ChatGPT-Image-Feb-23-2026-04_58_09-PM-1024x683.png\" alt=\"Kiskereskedelmi kiszerel\u00e9s\" class=\"wp-image-852 size-full\" srcset=\"https:\/\/marosifaiskola.hu\/wp-content\/uploads\/2026\/02\/ChatGPT-Image-Feb-23-2026-04_58_09-PM-1024x683.png 1024w, https:\/\/marosifaiskola.hu\/wp-content\/uploads\/2026\/02\/ChatGPT-Image-Feb-23-2026-04_58_09-PM-300x200.png 300w, https:\/\/marosifaiskola.hu\/wp-content\/uploads\/2026\/02\/ChatGPT-Image-Feb-23-2026-04_58_09-PM-768x512.png 768w, https:\/\/marosifaiskola.hu\/wp-content\/uploads\/2026\/02\/ChatGPT-Image-Feb-23-2026-04_58_09-PM-450x300.png 450w, https:\/\/marosifaiskola.hu\/wp-content\/uploads\/2026\/02\/ChatGPT-Image-Feb-23-2026-04_58_09-PM.png 1536w\" sizes=\"auto, (max-width: 1024px) 100vw, 1024px\" \/><\/figure><div class=\"wp-block-media-text__content\">\n<p class=\"has-text-align-center\"><strong>Meg\u00fajult kiskereskedelmi csomagjaink el\u00e9rhet\u0151k!<\/strong><\/p>\n\n\n\n<p class=\"has-text-align-center\">Egys\u00e9ges kiszerel\u00e9s, v\u00e1logatott magyar nemes\u00edt\u00e9s\u0171 egyny\u00e1ri vir\u00e1gmagok.<br>Az aktu\u00e1lis fajtalist\u00e1t \u00e9s \u00e1rakat lentebb tal\u00e1lja.<\/p>\n<\/div><\/div>\n\n\n\n<p>A Marosi Kert 2025\u20132026-os kiskereskedelmi \u00e1rlist\u00e1ja magyar nemes\u00edt\u00e9s\u0171 egyny\u00e1ri vir\u00e1gmagokat tartalmaz, amelyek kifejezetten a hazai \u00e9ghajlati \u00e9s termeszt\u00e9si k\u00f6r\u00fclm\u00e9nyekhez alkalmazkodtak.<br>K\u00edn\u00e1latunkban megtal\u00e1lhat\u00f3k t\u00f6bbek k\u00f6z\u00f6tt Celosia, Rudbeckia, Tagetes, Cosmos, Salvia \u00e9s Tithonia fajt\u00e1k, egys\u00e9ges, megb\u00edzhat\u00f3 min\u0151s\u00e9gben.<\/p>\n\n\n\n<p>Az \u00e1rlista PDF form\u00e1tumban t\u00f6lthet\u0151 le, amely tartalmazza:<\/p>\n\n\n\n<ul class=\"wp-block-list\">\n<li>            &#8211; az aktu\u00e1lis fajtav\u00e1laszt\u00e9kot,\n<ul class=\"wp-block-list\">\n<li>            &#8211; a kiszerel\u00e9seket \u00e9s brutt\u00f3 \u00e1rakat,\n<ul class=\"wp-block-list\">\n<li>            &#8211; valamint az \u00e1ltal\u00e1nos rendel\u00e9si, fizet\u00e9si \u00e9s sz\u00e1ll\u00edt\u00e1si felt\u00e9teleket.<\/li>\n<\/ul>\n<\/li>\n<\/ul>\n<\/li>\n<\/ul>\n\n\n\n<p><strong>Fizet\u00e9s \u00e9s sz\u00e1ml\u00e1z\u00e1s<\/strong><\/p>\n\n\n\n<p>A rendel\u00e9seket e-mailben fogadjuk.<br>A rendel\u00e9s feldolgoz\u00e1s\u00e1t k\u00f6vet\u0151en <strong>online sz\u00e1ml\u00e1t \u00e1ll\u00edtunk ki \u00e9s e-mailben megk\u00fcldj\u00fck<\/strong>.<br><strong>A csomagokat a sz\u00e1mla kiegyenl\u00edt\u00e9se ut\u00e1n post\u00e1zzuk.<\/strong><\/p>\n\n\n\n<p>A fizet\u00e9s <strong>banki \u00e1tutal\u00e1ssal<\/strong> t\u00f6rt\u00e9nik.<br>T\u00e9teles sz\u00e1mla ig\u00e9ny\u00e9t k\u00e9rj\u00fck, <strong>megrendel\u00e9skor jelezze<\/strong>.<\/p>\n\n\n\n<p>\u2b07\ufe0f <strong>Az aktu\u00e1lis \u00e1rlista let\u00f6lt\u00e9se al\u00e1bb \u00e9rhet\u0151 el.<\/strong><\/p>\n\n\n\n<div data-wp-interactive=\"core\/file\" class=\"wp-block-file\"><object data-wp-bind--hidden=\"!state.hasPdfPreview\" hidden class=\"wp-block-file__embed\" data=\"https:\/\/marosifaiskola.hu\/wp-content\/uploads\/2026\/02\/2025-2026-Egynyari-viragmag-Kisker.pdf\" type=\"application\/pdf\" style=\"width:100%;height:600px\" aria-label=\"2025-2026 Egyny\u00e1ri vir\u00e1gmag - Kisker be\u00e1gyaz\u00e1sa\"><\/object><a id=\"wp-block-file--media-7f0e9779-58d2-4379-90cc-000bf1aeccc9\" href=\"https:\/\/marosifaiskola.hu\/wp-content\/uploads\/2026\/02\/2025-2026-Egynyari-viragmag-Kisker.pdf\">2025-2026 Egyny\u00e1ri vir\u00e1gmag &#8211; Kisker<\/a><a href=\"https:\/\/marosifaiskola.hu\/wp-content\/uploads\/2026\/02\/2025-2026-Egynyari-viragmag-Kisker.pdf\" class=\"wp-block-file__button wp-element-button\" download aria-describedby=\"wp-block-file--media-7f0e9779-58d2-4379-90cc-000bf1aeccc9\">Let\u00f6lt\u00e9s<\/a><\/div>\n\n\n\n<p><strong>Csomagol\u00e1s \u2013 kiskereskedelmi kiszerel\u00e9s<\/strong> k\u00e9pekben<\/p>\n\n\n\n<figure class=\"wp-block-gallery has-nested-images columns-default is-cropped wp-block-gallery-1 is-layout-flex wp-block-gallery-is-layout-flex\">\n<figure class=\"wp-block-image size-large\"><a href=\"https:\/\/marosifaiskola.hu\/wp-content\/uploads\/2026\/02\/CP-SA_altpic_3.jpg\"><img loading=\"lazy\" decoding=\"async\" width=\"768\" height=\"1024\" data-id=\"846\" src=\"https:\/\/marosifaiskola.hu\/wp-content\/uploads\/2026\/02\/CP-SA_altpic_3-768x1024.jpg\" alt=\"\" class=\"wp-image-846\" srcset=\"https:\/\/marosifaiskola.hu\/wp-content\/uploads\/2026\/02\/CP-SA_altpic_3-768x1024.jpg 768w, https:\/\/marosifaiskola.hu\/wp-content\/uploads\/2026\/02\/CP-SA_altpic_3-225x300.jpg 225w, https:\/\/marosifaiskola.hu\/wp-content\/uploads\/2026\/02\/CP-SA_altpic_3.jpg 1000w\" sizes=\"auto, (max-width: 768px) 100vw, 768px\" \/><\/a><\/figure>\n\n\n\n<figure class=\"wp-block-image size-large\"><a href=\"https:\/\/marosifaiskola.hu\/wp-content\/uploads\/2026\/02\/CP-SA_altpic_4.jpg\"><img loading=\"lazy\" decoding=\"async\" width=\"768\" height=\"1024\" data-id=\"847\" src=\"https:\/\/marosifaiskola.hu\/wp-content\/uploads\/2026\/02\/CP-SA_altpic_4-768x1024.jpg\" alt=\"\" class=\"wp-image-847\" srcset=\"https:\/\/marosifaiskola.hu\/wp-content\/uploads\/2026\/02\/CP-SA_altpic_4-768x1024.jpg 768w, https:\/\/marosifaiskola.hu\/wp-content\/uploads\/2026\/02\/CP-SA_altpic_4-225x300.jpg 225w, https:\/\/marosifaiskola.hu\/wp-content\/uploads\/2026\/02\/CP-SA_altpic_4.jpg 1000w\" sizes=\"auto, (max-width: 768px) 100vw, 768px\" \/><\/a><\/figure>\n<\/figure>\n\n\n\n<p>Tov\u00e1bbi szakmai inform\u00e1ci\u00f3k a magyar d\u00edszn\u00f6v\u00e9ny-nemes\u00edt\u00e9sr\u0151l a<br><a href=\"https:\/\/portal.nebih.gov.hu\/vetomag\">https:\/\/portal.nebih.gov.hu\/vetomag<\/a> oldalon \u00e9rhet\u0151k el.<\/p>\n\n\n\n<blockquote class=\"wp-block-quote is-layout-flow wp-block-quote-is-layout-flow\"><\/blockquote>\n","protected":false},"excerpt":{"rendered":"<p>Meg\u00fajult kiskereskedelmi csomagjaink el\u00e9rhet\u0151k! Egys\u00e9ges kiszerel\u00e9s, v\u00e1logatott magyar nemes\u00edt\u00e9s\u0171 egyny\u00e1ri vir\u00e1gmagok.Az aktu\u00e1lis fajtalist\u00e1t \u00e9s \u00e1rakat lentebb tal\u00e1lja. A Marosi Kert 2025\u20132026-os kiskereskedelmi \u00e1rlist\u00e1ja magyar nemes\u00edt\u00e9s\u0171 egyny\u00e1ri vir\u00e1gmagokat tartalmaz, amelyek kifejezetten a hazai \u00e9ghajlati \u00e9s termeszt\u00e9si k\u00f6r\u00fclm\u00e9nyekhez alkalmazkodtak.K\u00edn\u00e1latunkban megtal\u00e1lhat\u00f3k t\u00f6bbek k\u00f6z\u00f6tt &hellip; <a href=\"https:\/\/marosifaiskola.hu\/?page_id=828\">Egy kattint\u00e1s ide a folytat\u00e1shoz&#8230;. <span class=\"meta-nav\">&rarr;<\/span><\/a><\/p>\n","protected":false},"author":2,"featured_media":0,"parent":0,"menu_order":0,"comment_status":"closed","ping_status":"closed","template":"","meta":{"om_disable_all_campaigns":false,"_monsterinsights_skip_tracking":false,"_monsterinsights_sitenote_active":false,"_monsterinsights_sitenote_note":"","_monsterinsights_sitenote_category":0,"footnotes":""},"class_list":["post-828","page","type-page","status-publish","hentry"],"aioseo_notices":[],"_links":{"self":[{"href":"https:\/\/marosifaiskola.hu\/index.php?rest_route=\/wp\/v2\/pages\/828","targetHints":{"allow":["GET"]}}],"collection":[{"href":"https:\/\/marosifaiskola.hu\/index.php?rest_route=\/wp\/v2\/pages"}],"about":[{"href":"https:\/\/marosifaiskola.hu\/index.php?rest_route=\/wp\/v2\/types\/page"}],"author":[{"embeddable":true,"href":"https:\/\/marosifaiskola.hu\/index.php?rest_route=\/wp\/v2\/users\/2"}],"replies":[{"embeddable":true,"href":"https:\/\/marosifaiskola.hu\/index.php?rest_route=%2Fwp%2Fv2%2Fcomments&post=828"}],"version-history":[{"count":10,"href":"https:\/\/marosifaiskola.hu\/index.php?rest_route=\/wp\/v2\/pages\/828\/revisions"}],"predecessor-version":[{"id":856,"href":"https:\/\/marosifaiskola.hu\/index.php?rest_route=\/wp\/v2\/pages\/828\/revisions\/856"}],"wp:attachment":[{"href":"https:\/\/marosifaiskola.hu\/index.php?rest_route=%2Fwp%2Fv2%2Fmedia&parent=828"}],"curies":[{"name":"wp","href":"https:\/\/api.w.org\/{rel}","templated":true}]}}