{"id":31,"date":"2014-01-23T15:22:34","date_gmt":"2014-01-23T15:22:34","guid":{"rendered":"http:\/\/marosikert.hu\/?page_id=31"},"modified":"2022-12-16T15:55:20","modified_gmt":"2022-12-16T15:55:20","slug":"orokzoldek-csemo","status":"publish","type":"page","link":"https:\/\/marosifaiskola.hu\/?page_id=31","title":{"rendered":"\u00d6R\u00d6KZ\u00d6LDEK"},"content":{"rendered":"<p><strong>Chamaecyparis nootkatensis Pendula<\/strong><span style=\"font-weight: 300;\"> (CS\u00dcNG\u0150 NUTKA HAMISCIPRUS) &#8211; <strong>jelenleg nem el\u00e9rhet\u0151<\/strong><\/span><\/p>\n<p><a href=\"http:\/\/marosikert.hu\/wp-content\/uploads\/2014\/01\/cs\u00fcng\u0151-hamisciprus.jpg\"><img loading=\"lazy\" decoding=\"async\" class=\"alignnone size-medium wp-image-175\" src=\"http:\/\/marosikert.hu\/wp-content\/uploads\/2014\/01\/cs\u00fcng\u0151-hamisciprus-300x200.jpg\" alt=\"cs\u00fcng\u0151 hamisciprus\" width=\"300\" height=\"200\" srcset=\"https:\/\/marosifaiskola.hu\/wp-content\/uploads\/2014\/01\/cs\u00fcng\u0151-hamisciprus-300x200.jpg 300w, https:\/\/marosifaiskola.hu\/wp-content\/uploads\/2014\/01\/cs\u00fcng\u0151-hamisciprus-449x300.jpg 449w, https:\/\/marosifaiskola.hu\/wp-content\/uploads\/2014\/01\/cs\u00fcng\u0151-hamisciprus.jpg 1000w\" sizes=\"auto, (max-width: 300px) 100vw, 300px\" \/><\/a><\/p>\n<p><strong>Juniperus chinensis<\/strong>\u00a0(K\u00cdNAI BOR\u00d3KA)<\/p>\n<p><a href=\"http:\/\/marosikert.hu\/wp-content\/uploads\/2014\/01\/k\u00ednai-bor\u00f3ka.jpg\"><img loading=\"lazy\" decoding=\"async\" class=\"alignnone size-medium wp-image-176\" src=\"http:\/\/marosikert.hu\/wp-content\/uploads\/2014\/01\/k\u00ednai-bor\u00f3ka-300x222.jpg\" alt=\"k\u00ednai bor\u00f3ka\" width=\"300\" height=\"222\" srcset=\"https:\/\/marosifaiskola.hu\/wp-content\/uploads\/2014\/01\/k\u00ednai-bor\u00f3ka-300x222.jpg 300w, https:\/\/marosifaiskola.hu\/wp-content\/uploads\/2014\/01\/k\u00ednai-bor\u00f3ka-404x300.jpg 404w, https:\/\/marosifaiskola.hu\/wp-content\/uploads\/2014\/01\/k\u00ednai-bor\u00f3ka.jpg 448w\" sizes=\"auto, (max-width: 300px) 100vw, 300px\" \/><\/a><\/p>\n<p><strong>Juniperus chinensis Blue Alps\u00a0<\/strong> (K\u00c9K ALPOK K\u00cdNAI BOR\u00d3KA) &#8211; <strong>Jelenleg nem el\u00e9rhet\u0151<\/strong><\/p>\n<p><a href=\"http:\/\/marosikert.hu\/wp-content\/uploads\/2014\/01\/k\u00e9k-alpok-k\u00ednai-bor\u00f3ka.jpg\"><img loading=\"lazy\" decoding=\"async\" class=\"alignnone size-medium wp-image-178\" src=\"http:\/\/marosikert.hu\/wp-content\/uploads\/2014\/01\/k\u00e9k-alpok-k\u00ednai-bor\u00f3ka-300x192.jpg\" alt=\"k\u00e9k alpok k\u00ednai bor\u00f3ka\" width=\"300\" height=\"192\" srcset=\"https:\/\/marosifaiskola.hu\/wp-content\/uploads\/2014\/01\/k\u00e9k-alpok-k\u00ednai-bor\u00f3ka-300x192.jpg 300w, https:\/\/marosifaiskola.hu\/wp-content\/uploads\/2014\/01\/k\u00e9k-alpok-k\u00ednai-bor\u00f3ka.jpg 459w\" sizes=\"auto, (max-width: 300px) 100vw, 300px\" \/><\/a><\/p>\n<p><strong>Juniperus chinensis Keteleeri\u00a0<\/strong>(K\u00cdNAI JEGENYEBOR\u00d3KA\u00a0)<\/p>\n<p><a href=\"http:\/\/marosikert.hu\/wp-content\/uploads\/2014\/01\/k\u00ednai-jegenyebor\u00f3ka.jpg\"><img loading=\"lazy\" decoding=\"async\" class=\"alignnone size-medium wp-image-179\" src=\"http:\/\/marosikert.hu\/wp-content\/uploads\/2014\/01\/k\u00ednai-jegenyebor\u00f3ka-300x190.jpg\" alt=\"k\u00ednai jegenyebor\u00f3ka\" width=\"300\" height=\"190\" srcset=\"https:\/\/marosifaiskola.hu\/wp-content\/uploads\/2014\/01\/k\u00ednai-jegenyebor\u00f3ka-300x190.jpg 300w, https:\/\/marosifaiskola.hu\/wp-content\/uploads\/2014\/01\/k\u00ednai-jegenyebor\u00f3ka-472x300.jpg 472w, https:\/\/marosifaiskola.hu\/wp-content\/uploads\/2014\/01\/k\u00ednai-jegenyebor\u00f3ka.jpg 639w\" sizes=\"auto, (max-width: 300px) 100vw, 300px\" \/><\/a><\/p>\n<p><strong>Juniperus chinensis Old Gold<\/strong>\u00a0(K\u00cdNAI ARANY BOR\u00d3KA\u00a0)<\/p>\n<p><a href=\"http:\/\/marosikert.hu\/wp-content\/uploads\/2014\/01\/k\u00ednai-arany-bor\u00f3ka.jpg\"><img loading=\"lazy\" decoding=\"async\" class=\"alignnone size-medium wp-image-180\" src=\"http:\/\/marosikert.hu\/wp-content\/uploads\/2014\/01\/k\u00ednai-arany-bor\u00f3ka-300x204.jpg\" alt=\"k\u00ednai arany bor\u00f3ka\" width=\"300\" height=\"204\" srcset=\"https:\/\/marosifaiskola.hu\/wp-content\/uploads\/2014\/01\/k\u00ednai-arany-bor\u00f3ka-300x204.jpg 300w, https:\/\/marosifaiskola.hu\/wp-content\/uploads\/2014\/01\/k\u00ednai-arany-bor\u00f3ka-439x300.jpg 439w, https:\/\/marosifaiskola.hu\/wp-content\/uploads\/2014\/01\/k\u00ednai-arany-bor\u00f3ka.jpg 640w\" sizes=\"auto, (max-width: 300px) 100vw, 300px\" \/><\/a><\/p>\n<p><strong>Juniperus chinensis Pfitzeriana Aurea\u00a0<\/strong>\u00a0(EMELETES ARANY BOR\u00d3KA)<\/p>\n<p><a href=\"http:\/\/marosikert.hu\/wp-content\/uploads\/2014\/01\/emeletes-arany-bor\u00f3ka.jpg\"><img loading=\"lazy\" decoding=\"async\" class=\"alignnone size-medium wp-image-182\" src=\"http:\/\/marosikert.hu\/wp-content\/uploads\/2014\/01\/emeletes-arany-bor\u00f3ka-300x220.jpg\" alt=\"emeletes arany bor\u00f3ka\" width=\"300\" height=\"220\" srcset=\"https:\/\/marosifaiskola.hu\/wp-content\/uploads\/2014\/01\/emeletes-arany-bor\u00f3ka-300x220.jpg 300w, https:\/\/marosifaiskola.hu\/wp-content\/uploads\/2014\/01\/emeletes-arany-bor\u00f3ka-408x300.jpg 408w, https:\/\/marosifaiskola.hu\/wp-content\/uploads\/2014\/01\/emeletes-arany-bor\u00f3ka.jpg 800w\" sizes=\"auto, (max-width: 300px) 100vw, 300px\" \/><\/a><\/p>\n<p><strong>Juniperus communis Andorra Compact<\/strong>\u00a0(HENYE BOR\u00d3KA)<\/p>\n<p><a href=\"http:\/\/marosikert.hu\/wp-content\/uploads\/2014\/01\/henye-bor\u00f3ka.jpg\"><img loading=\"lazy\" decoding=\"async\" class=\"alignnone size-medium wp-image-185\" src=\"http:\/\/marosikert.hu\/wp-content\/uploads\/2014\/01\/henye-bor\u00f3ka-300x211.jpg\" alt=\"henye bor\u00f3ka\" width=\"300\" height=\"211\" srcset=\"https:\/\/marosifaiskola.hu\/wp-content\/uploads\/2014\/01\/henye-bor\u00f3ka-300x211.jpg 300w, https:\/\/marosifaiskola.hu\/wp-content\/uploads\/2014\/01\/henye-bor\u00f3ka-425x300.jpg 425w, https:\/\/marosifaiskola.hu\/wp-content\/uploads\/2014\/01\/henye-bor\u00f3ka.jpg 482w\" sizes=\"auto, (max-width: 300px) 100vw, 300px\" \/><\/a><\/p>\n<p><strong>Juniperus horizontalis Douglasii\u00a0<\/strong>\u00a0(K\u00c9KDERES HENYEBOR\u00d3KA)<\/p>\n<p><a href=\"http:\/\/marosikert.hu\/wp-content\/uploads\/2014\/01\/k\u00e9kderes-henyebor\u00f3ka.jpg\"><img loading=\"lazy\" decoding=\"async\" class=\"alignnone size-medium wp-image-187\" src=\"http:\/\/marosikert.hu\/wp-content\/uploads\/2014\/01\/k\u00e9kderes-henyebor\u00f3ka-300x200.jpg\" alt=\"k\u00e9kderes henyebor\u00f3ka\" width=\"300\" height=\"200\" srcset=\"https:\/\/marosifaiskola.hu\/wp-content\/uploads\/2014\/01\/k\u00e9kderes-henyebor\u00f3ka-300x200.jpg 300w, https:\/\/marosifaiskola.hu\/wp-content\/uploads\/2014\/01\/k\u00e9kderes-henyebor\u00f3ka-450x300.jpg 450w, https:\/\/marosifaiskola.hu\/wp-content\/uploads\/2014\/01\/k\u00e9kderes-henyebor\u00f3ka.jpg 600w\" sizes=\"auto, (max-width: 300px) 100vw, 300px\" \/><\/a><\/p>\n<p><strong>Juniperus horizontalis Hughes\u00a0<\/strong>\u00a0(K\u00c9KESFEH\u00c9R HENYEBOR\u00d3KA)<\/p>\n<p><a href=\"http:\/\/marosikert.hu\/wp-content\/uploads\/2014\/01\/k\u00e9kesfeh\u00e9r-henyebor\u00f3ka.jpg\"><img loading=\"lazy\" decoding=\"async\" class=\"alignnone size-medium wp-image-188\" src=\"http:\/\/marosikert.hu\/wp-content\/uploads\/2014\/01\/k\u00e9kesfeh\u00e9r-henyebor\u00f3ka-300x199.jpg\" alt=\"k\u00e9kesfeh\u00e9r henyebor\u00f3ka\" width=\"300\" height=\"199\" \/><\/a><\/p>\n<p><strong>Juniperus sabina Sz\u0151ke Tisza\u00a0<\/strong>\u00a0(SZ\u0150KE TISZA NEH\u00c9ZSZAG\u00da BOR\u00d3KA)<\/p>\n<p><a href=\"http:\/\/marosikert.hu\/wp-content\/uploads\/2014\/01\/tarka-neh\u00e9zszag\u00fa-boroka.jpg\"><img loading=\"lazy\" decoding=\"async\" class=\"alignnone size-medium wp-image-190\" src=\"http:\/\/marosikert.hu\/wp-content\/uploads\/2014\/01\/tarka-neh\u00e9zszag\u00fa-boroka-300x224.jpg\" alt=\"tarka neh\u00e9zszag\u00fa boroka\" width=\"300\" height=\"224\" \/><\/a><\/p>\n<p><strong>Juniperus sabina Tiszak\u00fcrt\u00a0<\/strong>(TISZAK\u00dcRT NEH\u00c9ZSZAG\u00da BOR\u00d3KA\u00a0)<\/p>\n<p><a href=\"http:\/\/marosikert.hu\/wp-content\/uploads\/2014\/01\/tiszak\u00fcrt-neh\u00e9zsag\u00fa.jpg\"><img loading=\"lazy\" decoding=\"async\" class=\"alignnone size-medium wp-image-191\" src=\"http:\/\/marosikert.hu\/wp-content\/uploads\/2014\/01\/tiszak\u00fcrt-neh\u00e9zsag\u00fa-300x241.jpg\" alt=\"tiszak\u00fcrt neh\u00e9zsag\u00fa\" width=\"300\" height=\"241\" srcset=\"https:\/\/marosifaiskola.hu\/wp-content\/uploads\/2014\/01\/tiszak\u00fcrt-neh\u00e9zsag\u00fa-300x241.jpg 300w, https:\/\/marosifaiskola.hu\/wp-content\/uploads\/2014\/01\/tiszak\u00fcrt-neh\u00e9zsag\u00fa-373x300.jpg 373w, https:\/\/marosifaiskola.hu\/wp-content\/uploads\/2014\/01\/tiszak\u00fcrt-neh\u00e9zsag\u00fa.jpg 560w\" sizes=\"auto, (max-width: 300px) 100vw, 300px\" \/><\/a><\/p>\n<p><strong>Juniperus sabina variegata\u00a0<\/strong>\u00a0(TARKA NEH\u00c9ZSZAG\u00da BOR\u00d3KA)<\/p>\n<p><a href=\"http:\/\/marosikert.hu\/wp-content\/uploads\/2014\/01\/tarka-neh\u00e9zszag\u00fa-boroka1.jpg\"><img loading=\"lazy\" decoding=\"async\" class=\"alignnone size-medium wp-image-192\" src=\"http:\/\/marosikert.hu\/wp-content\/uploads\/2014\/01\/tarka-neh\u00e9zszag\u00fa-boroka1-300x203.jpg\" alt=\"SONY DSC\" width=\"300\" height=\"203\" \/><\/a><\/p>\n<p><strong>Juniperus scopolorum Blue Arrow\u00a0<\/strong> (K\u00c9K NY\u00cdL BOR\u00d3KA) &#8211; <strong>jelenleg nem el\u00e9rhet\u0151<\/strong><\/p>\n<p><a href=\"http:\/\/marosikert.hu\/wp-content\/uploads\/2014\/01\/k\u00e9k-ny\u00edl-bor\u00f3ka.jpg\"><img loading=\"lazy\" decoding=\"async\" class=\"alignnone size-medium wp-image-194\" src=\"http:\/\/marosikert.hu\/wp-content\/uploads\/2014\/01\/k\u00e9k-ny\u00edl-bor\u00f3ka-245x300.jpg\" alt=\"k\u00e9k ny\u00edl bor\u00f3ka\" width=\"245\" height=\"300\" \/><\/a><\/p>\n<p><strong>Juniperus scop.Blue Heaven\u00a0<\/strong>(OREGONI BOR\u00d3KA ) &#8211;<strong> jelenleg nem el\u00e9rhet\u0151<\/strong><\/p>\n<p><a style=\"font-style: normal; line-height: 24.375px; text-decoration: underline;\" href=\"http:\/\/marosikert.hu\/wp-content\/uploads\/2014\/01\/oregoni-bor\u00f3ka.jpg\"><img loading=\"lazy\" decoding=\"async\" class=\"alignnone size-medium wp-image-195\" style=\"border-color: #bbbbbb; background-color: #eeeeee;\" src=\"http:\/\/marosikert.hu\/wp-content\/uploads\/2014\/01\/oregoni-bor\u00f3ka-222x300.jpg\" alt=\"oregoni bor\u00f3ka\" width=\"222\" height=\"300\" \/><\/a><\/p>\n<p><strong>Juniperus squamata Blue Carpet\u00a0<\/strong>\u00a0(K\u00daSZ\u00d3 BOR\u00d3KA)<\/p>\n<p><a href=\"http:\/\/marosikert.hu\/wp-content\/uploads\/2014\/01\/k\u00fasz\u00f3-bor\u00f3ka.jpg\"><img loading=\"lazy\" decoding=\"async\" class=\"alignnone  wp-image-198\" src=\"http:\/\/marosikert.hu\/wp-content\/uploads\/2014\/01\/k\u00fasz\u00f3-bor\u00f3ka-258x300.jpg\" alt=\"k\u00fasz\u00f3 bor\u00f3ka\" width=\"232\" height=\"270\" srcset=\"https:\/\/marosifaiskola.hu\/wp-content\/uploads\/2014\/01\/k\u00fasz\u00f3-bor\u00f3ka-258x300.jpg 258w, https:\/\/marosifaiskola.hu\/wp-content\/uploads\/2014\/01\/k\u00fasz\u00f3-bor\u00f3ka.jpg 430w\" sizes=\"auto, (max-width: 232px) 100vw, 232px\" \/><\/a><\/p>\n<p><strong>Juniperus virginiana Hetzii<\/strong><\/p>\n<p><a href=\"http:\/\/marosikert.hu\/wp-content\/uploads\/2014\/01\/Juniperus-virginiana-Hetzii.jpg\"><img loading=\"lazy\" decoding=\"async\" class=\"alignnone  wp-image-199\" src=\"http:\/\/marosikert.hu\/wp-content\/uploads\/2014\/01\/Juniperus-virginiana-Hetzii-300x244.jpg\" alt=\"Juniperus virginiana Hetzii\" width=\"270\" height=\"220\" srcset=\"https:\/\/marosifaiskola.hu\/wp-content\/uploads\/2014\/01\/Juniperus-virginiana-Hetzii-300x244.jpg 300w, https:\/\/marosifaiskola.hu\/wp-content\/uploads\/2014\/01\/Juniperus-virginiana-Hetzii.jpg 347w\" sizes=\"auto, (max-width: 270px) 100vw, 270px\" \/><\/a><\/p>\n<p><strong>Juniperus virginiana Pseudocupressus\u00a0<\/strong> (VIRGINIAI BOR\u00d3KA PSEUDOCUPRESSUS) &#8211; <strong>jelenleg nem el\u00e9rhet\u0151<\/strong><\/p>\n<p><a href=\"http:\/\/marosikert.hu\/wp-content\/uploads\/2014\/01\/virginiai-bor\u00f3ka.jpg\"><img loading=\"lazy\" decoding=\"async\" class=\"alignnone size-full wp-image-200\" src=\"http:\/\/marosikert.hu\/wp-content\/uploads\/2014\/01\/virginiai-bor\u00f3ka.jpg\" alt=\"virginiai bor\u00f3ka\" width=\"183\" height=\"275\" \/><\/a><\/p>\n<p><strong>Juniperus virginiana Tripartita\u00a0<\/strong>\u00a0(VIRGINIAI BOR\u00d3KA TRIPARTITA)<\/p>\n<p><a href=\"http:\/\/marosikert.hu\/wp-content\/uploads\/2014\/01\/tripartita.jpg\"><img loading=\"lazy\" decoding=\"async\" class=\"alignnone size-full wp-image-203\" src=\"http:\/\/marosikert.hu\/wp-content\/uploads\/2014\/01\/tripartita.jpg\" alt=\"tripartita\" width=\"200\" height=\"200\" srcset=\"https:\/\/marosifaiskola.hu\/wp-content\/uploads\/2014\/01\/tripartita.jpg 200w, https:\/\/marosifaiskola.hu\/wp-content\/uploads\/2014\/01\/tripartita-150x150.jpg 150w\" sizes=\"auto, (max-width: 200px) 100vw, 200px\" \/><\/a><\/p>\n<p><strong>Juniperus x media Mint Julep\u00a0<\/strong>\u00a0(SUDARAS BOR\u00d3KA)<\/p>\n<p><a href=\"http:\/\/marosikert.hu\/wp-content\/uploads\/2014\/01\/sudaras-bor\u00f3ka.jpg\"><img loading=\"lazy\" decoding=\"async\" class=\"alignnone  wp-image-206\" src=\"http:\/\/marosikert.hu\/wp-content\/uploads\/2014\/01\/sudaras-bor\u00f3ka-300x225.jpg\" alt=\"sudaras bor\u00f3ka\" width=\"270\" height=\"203\" srcset=\"https:\/\/marosifaiskola.hu\/wp-content\/uploads\/2014\/01\/sudaras-bor\u00f3ka-300x225.jpg 300w, https:\/\/marosifaiskola.hu\/wp-content\/uploads\/2014\/01\/sudaras-bor\u00f3ka-400x300.jpg 400w, https:\/\/marosifaiskola.hu\/wp-content\/uploads\/2014\/01\/sudaras-bor\u00f3ka.jpg 800w\" sizes=\"auto, (max-width: 270px) 100vw, 270px\" \/><\/a><\/p>\n<p><strong>Thuja occidentalis Columna\u00a0<\/strong>\u00a0(OSZLOPOS TUJA)<\/p>\n<p><a href=\"http:\/\/marosikert.hu\/wp-content\/uploads\/2014\/01\/oszlopos-tuja.jpg\"><img loading=\"lazy\" decoding=\"async\" class=\"alignnone  wp-image-207\" src=\"http:\/\/marosikert.hu\/wp-content\/uploads\/2014\/01\/oszlopos-tuja-300x225.jpg\" alt=\"oszlopos tuja\" width=\"270\" height=\"203\" \/><\/a><\/p>\n<p><strong>Thuja occ. Danica\u00a0<\/strong>\u00a0(T\u00d6RPE NYUGATI TUJA)<\/p>\n<p><a href=\"http:\/\/marosikert.hu\/wp-content\/uploads\/2014\/01\/t\u00f6rpe-nyugati-tuja.jpg\"><img loading=\"lazy\" decoding=\"async\" class=\"alignnone  wp-image-208\" src=\"http:\/\/marosikert.hu\/wp-content\/uploads\/2014\/01\/t\u00f6rpe-nyugati-tuja-300x225.jpg\" alt=\"t\u00f6rpe nyugati tuja\" width=\"270\" height=\"203\" srcset=\"https:\/\/marosifaiskola.hu\/wp-content\/uploads\/2014\/01\/t\u00f6rpe-nyugati-tuja-300x225.jpg 300w, https:\/\/marosifaiskola.hu\/wp-content\/uploads\/2014\/01\/t\u00f6rpe-nyugati-tuja-400x300.jpg 400w, https:\/\/marosifaiskola.hu\/wp-content\/uploads\/2014\/01\/t\u00f6rpe-nyugati-tuja.jpg 1024w\" sizes=\"auto, (max-width: 270px) 100vw, 270px\" \/><\/a><\/p>\n<p><strong>Thuja occidentalis Holmstrup<\/strong><span style=\"font-weight: 300;\"> (NYUGATI TUJA) &#8211;<strong> jelenleg nem el\u00e9rhet\u0151<\/strong><\/span><\/p>\n<p><a href=\"http:\/\/marosikert.hu\/wp-content\/uploads\/2014\/01\/nyugati-tuja.jpg\"><img loading=\"lazy\" decoding=\"async\" class=\"alignnone  wp-image-211\" src=\"http:\/\/marosikert.hu\/wp-content\/uploads\/2014\/01\/nyugati-tuja-300x225.jpg\" alt=\"OLYMPUS DIGITAL CAMERA\" width=\"270\" height=\"203\" \/><\/a><\/p>\n<p><strong>Thuja occidentalis Smaragd\u00a0<\/strong>\u00a0(SMARAGD TUJA)<\/p>\n<p><a href=\"http:\/\/marosikert.hu\/wp-content\/uploads\/2014\/01\/smaragd-tuja.jpg\"><img loading=\"lazy\" decoding=\"async\" class=\"alignnone  wp-image-212\" src=\"http:\/\/marosikert.hu\/wp-content\/uploads\/2014\/01\/smaragd-tuja-300x200.jpg\" alt=\"smaragd tuja\" width=\"270\" height=\"180\" \/><\/a><\/p>\n<p><strong>Thuja occidentalis Sunkist\u00a0<\/strong> (S\u00c1RGA NYUGATI TUJA) &#8211; <strong>jelenleg nem el\u00e9rhet\u0151<\/strong><\/p>\n<p><a href=\"http:\/\/marosikert.hu\/wp-content\/uploads\/2014\/01\/s\u00e1rga-nyugati-tuja.jpg\"><img loading=\"lazy\" decoding=\"async\" class=\"alignnone size-medium wp-image-213\" src=\"http:\/\/marosikert.hu\/wp-content\/uploads\/2014\/01\/s\u00e1rga-nyugati-tuja-172x300.jpg\" alt=\"s\u00e1rga nyugati tuja\" width=\"172\" height=\"300\" \/><\/a><\/p>\n<p><strong>Thuja orientalis Aurea\u00a0<\/strong><span style=\"font-weight: 300;\"> (T\u00d6RPE ARANYLOMB\u00da KELETI TUJA) &#8211; <strong>jelenleg nem el\u00e9rhet\u0151<\/strong><\/span><\/p>\n<p><a href=\"http:\/\/marosikert.hu\/wp-content\/uploads\/2014\/01\/t\u00f6rpe-aranylomb\u00fa-keleti-tuja.jpg\"><img loading=\"lazy\" decoding=\"async\" class=\"alignnone  wp-image-215\" src=\"http:\/\/marosikert.hu\/wp-content\/uploads\/2014\/01\/t\u00f6rpe-aranylomb\u00fa-keleti-tuja-203x300.jpg\" alt=\"t\u00f6rpe aranylomb\u00fa keleti tuja\" width=\"183\" height=\"270\" srcset=\"https:\/\/marosifaiskola.hu\/wp-content\/uploads\/2014\/01\/t\u00f6rpe-aranylomb\u00fa-keleti-tuja-203x300.jpg 203w, https:\/\/marosifaiskola.hu\/wp-content\/uploads\/2014\/01\/t\u00f6rpe-aranylomb\u00fa-keleti-tuja.jpg 522w\" sizes=\"auto, (max-width: 183px) 100vw, 183px\" \/><\/a><\/p>\n<p><strong>Thuja plicata\u00a0<\/strong>\u00a0(\u00d3RI\u00c1S TUJA)<\/p>\n<p><a href=\"http:\/\/marosikert.hu\/wp-content\/uploads\/2014\/01\/\u00f3ri\u00e1s-tuja.jpg\"><img loading=\"lazy\" decoding=\"async\" class=\"alignnone  wp-image-217\" src=\"http:\/\/marosikert.hu\/wp-content\/uploads\/2014\/01\/\u00f3ri\u00e1s-tuja-197x300.jpg\" alt=\"\u00f3ri\u00e1s tuja\" width=\"177\" height=\"270\" srcset=\"https:\/\/marosifaiskola.hu\/wp-content\/uploads\/2014\/01\/\u00f3ri\u00e1s-tuja-197x300.jpg 197w, https:\/\/marosifaiskola.hu\/wp-content\/uploads\/2014\/01\/\u00f3ri\u00e1s-tuja.jpg 268w\" sizes=\"auto, (max-width: 177px) 100vw, 177px\" \/><\/a><\/p>\n","protected":false},"excerpt":{"rendered":"<p>Chamaecyparis nootkatensis Pendula (CS\u00dcNG\u0150 NUTKA HAMISCIPRUS) &#8211; jelenleg nem el\u00e9rhet\u0151 Juniperus chinensis\u00a0(K\u00cdNAI BOR\u00d3KA) Juniperus chinensis Blue Alps\u00a0 (K\u00c9K ALPOK K\u00cdNAI BOR\u00d3KA) &#8211; Jelenleg nem el\u00e9rhet\u0151 Juniperus chinensis Keteleeri\u00a0(K\u00cdNAI JEGENYEBOR\u00d3KA\u00a0) Juniperus chinensis Old Gold\u00a0(K\u00cdNAI ARANY BOR\u00d3KA\u00a0) Juniperus chinensis Pfitzeriana Aurea\u00a0\u00a0(EMELETES ARANY &hellip; <a href=\"https:\/\/marosifaiskola.hu\/?page_id=31\">Egy kattint\u00e1s ide a folytat\u00e1shoz&#8230;. <span class=\"meta-nav\">&rarr;<\/span><\/a><\/p>\n","protected":false},"author":2,"featured_media":0,"parent":0,"menu_order":0,"comment_status":"closed","ping_status":"closed","template":"sidebar-page.php","meta":{"om_disable_all_campaigns":false,"_monsterinsights_skip_tracking":false,"_monsterinsights_sitenote_active":false,"_monsterinsights_sitenote_note":"","_monsterinsights_sitenote_category":0,"footnotes":""},"class_list":["post-31","page","type-page","status-publish","hentry"],"aioseo_notices":[],"_links":{"self":[{"href":"https:\/\/marosifaiskola.hu\/index.php?rest_route=\/wp\/v2\/pages\/31","targetHints":{"allow":["GET"]}}],"collection":[{"href":"https:\/\/marosifaiskola.hu\/index.php?rest_route=\/wp\/v2\/pages"}],"about":[{"href":"https:\/\/marosifaiskola.hu\/index.php?rest_route=\/wp\/v2\/types\/page"}],"author":[{"embeddable":true,"href":"https:\/\/marosifaiskola.hu\/index.php?rest_route=\/wp\/v2\/users\/2"}],"replies":[{"embeddable":true,"href":"https:\/\/marosifaiskola.hu\/index.php?rest_route=%2Fwp%2Fv2%2Fcomments&post=31"}],"version-history":[{"count":17,"href":"https:\/\/marosifaiskola.hu\/index.php?rest_route=\/wp\/v2\/pages\/31\/revisions"}],"predecessor-version":[{"id":514,"href":"https:\/\/marosifaiskola.hu\/index.php?rest_route=\/wp\/v2\/pages\/31\/revisions\/514"}],"wp:attachment":[{"href":"https:\/\/marosifaiskola.hu\/index.php?rest_route=%2Fwp%2Fv2%2Fmedia&parent=31"}],"curies":[{"name":"wp","href":"https:\/\/api.w.org\/{rel}","templated":true}]}}